{"id":1098,"date":"2018-12-10T16:11:17","date_gmt":"2018-12-10T15:11:17","guid":{"rendered":"https:\/\/www.la-cordee.net\/?page_id=1098"},"modified":"2020-08-14T18:27:13","modified_gmt":"2020-08-14T16:27:13","slug":"qui-sommes-nous","status":"publish","type":"page","link":"https:\/\/staging.la-cordee.net\/en\/qui-sommes-nous\/","title":{"rendered":"Who we are"},"content":{"rendered":"<div id='av_section_1'  class='avia-section main_color avia-section-default avia-no-border-styling  avia-bg-style-scroll  avia-builder-el-0  el_before_av_two_fifth  avia-builder-el-first   container_wrap fullsize' style='background-color: #b34317;  '  ><div class='container' ><main  role=\"main\" =\"mainContentOfPage\"  class='template-page content  av-content-full alpha units'><div class='post-entry post-entry-type-page post-entry-1098'><div class='entry-content-wrapper clearfix'>\n<div  style='padding-bottom:0px; color:#ffffff;font-size:34px;' class='av-special-heading av-special-heading-h1 custom-color-heading blockquote modern-quote modern-centered  avia-builder-el-1  avia-builder-el-no-sibling  av-inherit-size '><h1 class='av-special-heading-tag '  =\"headline\"  >The team<\/h1><div class='special-heading-border'><div class='special-heading-inner-border' style='border-color:#ffffff'><\/div><\/div><\/div>\n<\/div><\/div><\/main><!-- close content main element --><\/div><\/div><div id='after_section_1'  class='main_color av_default_container_wrap container_wrap fullsize' style=' '  ><div class='container' ><div class='template-page content  av-content-full alpha units'><div class='post-entry post-entry-type-page post-entry-1098'><div class='entry-content-wrapper clearfix'>\n<div class=\"flex_column av_two_fifth  flex_column_div av-zero-column-padding first  avia-builder-el-2  el_after_av_section  el_before_av_three_fifth  avia-builder-el-first  \" style='border-radius:0px; '><div  class='avia-image-container  av-styling-    avia-builder-el-3  avia-builder-el-no-sibling  avia-align-center '  =\"image\" =\"\" =\"https:\/\/schema.org\/ImageObject\"  ><div class='avia-image-container-inner'><div class='avia-image-overlay-wrap'><img decoding=\"async\" class='wp-image-50 avia-img-lazy-loading-not-50 avia_image' src=\"https:\/\/staging.la-cordee.net\/wp-content\/uploads\/Groupe-201806-1-495x400.jpg\" alt='Photo de groupe des encord\u00e9es \u00e0 la montagne' title='Groupe-201806' height=\"400\" width=\"495\"  =\"thumbnailUrl\" srcset=\"https:\/\/staging.la-cordee.net\/wp-content\/uploads\/Groupe-201806-1-495x400.jpg 495w, https:\/\/staging.la-cordee.net\/wp-content\/uploads\/Groupe-201806-1-845x684.jpg 845w\" sizes=\"(max-width: 495px) 100vw, 495px\" \/><\/div><\/div><\/div><\/div>\n<div class=\"flex_column av_three_fifth  flex_column_div av-zero-column-padding   avia-builder-el-4  el_after_av_two_fifth  el_before_av_section  avia-builder-el-last  \" style='border-radius:0px; '><p><section class=\"av_textblock_section \"  =\"\" =\"https:\/\/schema.org\/CreativeWork\" ><div class='avia_textblock  '   =\"text\" ><p>In 2011, when the whole adventure began, there were only two of us. And now we are 17 ! We hone our skills on a daily basis : <strong>community building<\/strong>, <strong>project owners guidance<\/strong>\u00a0and personal &amp; professional <strong>support<\/strong>.<\/p>\n<p>We believe and abide by the principles of <span style=\"background-color: transparent; font-family: Arial; font-size: 11pt; white-space: pre-wrap;\">self-management and horizontal organisation. They inspire our <strong>multi-talented team<\/strong> to build a company at the service of a more fair and caring society.<\/span><\/p>\n<p><span style=\"background-color: transparent; font-family: Arial; font-size: 11pt; white-space: pre-wrap;\">We love to talk about<strong> our<\/strong> <strong>vision <\/strong>: during events, on social media and on our blog. If you have any questions, just ask !<\/span><\/p>\n<\/div><\/section><br \/>\n<div  class='avia-button-wrap avia-button-left  avia-builder-el-6  el_after_av_textblock  avia-builder-el-last ' ><a href='https:\/\/staging.la-cordee.net\/en\/accueil\/'  class='avia-button   avia-icon_select-no avia-size-large avia-position-left '  style='background-color:#b34317; border-color:#b34317; color:#ffffff; ' ><span class='avia_iconbox_title' >The team members<\/span><\/a><\/div><\/p><\/div>\n<\/div><\/div><\/div><!-- close content main div --><\/div><\/div><div id='av_section_2'  class='avia-section main_color avia-section-default avia-no-border-styling  avia-bg-style-scroll  avia-builder-el-7  el_after_av_three_fifth  el_before_av_two_fifth   container_wrap fullsize' style='background-color: #838723;  '  ><div class='container' ><div class='template-page content  av-content-full alpha units'><div class='post-entry post-entry-type-page post-entry-1098'><div class='entry-content-wrapper clearfix'>\n<div  style='padding-bottom:0px; color:#ffffff;font-size:34px;' class='av-special-heading av-special-heading-h2 custom-color-heading blockquote modern-quote modern-centered  avia-builder-el-8  avia-builder-el-no-sibling  av-inherit-size '><h2 class='av-special-heading-tag '  =\"headline\"  >The members<\/h2><div class='special-heading-border'><div class='special-heading-inner-border' style='border-color:#ffffff'><\/div><\/div><\/div>\n<\/div><\/div><\/div><!-- close content main div --><\/div><\/div><div id='after_section_2'  class='main_color av_default_container_wrap container_wrap fullsize' style=' '  ><div class='container' ><div class='template-page content  av-content-full alpha units'><div class='post-entry post-entry-type-page post-entry-1098'><div class='entry-content-wrapper clearfix'>\n<div class=\"flex_column av_two_fifth  flex_column_div av-zero-column-padding first  avia-builder-el-9  el_after_av_section  el_before_av_three_fifth  avia-builder-el-first  \" style='border-radius:0px; '><div  class='avia-image-container  av-styling-    avia-builder-el-10  avia-builder-el-no-sibling  avia-align-center '  =\"image\" =\"\" =\"https:\/\/schema.org\/ImageObject\"  ><div class='avia-image-container-inner'><div class='avia-image-overlay-wrap'><img decoding=\"async\" class='wp-image-53 avia-img-lazy-loading-not-53 avia_image' src=\"https:\/\/staging.la-cordee.net\/wp-content\/uploads\/communaute-495x400.jpg\" alt='Photo de la communaut\u00e9 de la Cord\u00e9e' title='La communaut\u00e9' height=\"400\" width=\"495\"  =\"thumbnailUrl\" srcset=\"https:\/\/staging.la-cordee.net\/wp-content\/uploads\/communaute-495x400.jpg 495w, https:\/\/staging.la-cordee.net\/wp-content\/uploads\/communaute-845x684.jpg 845w\" sizes=\"(max-width: 495px) 100vw, 495px\" \/><\/div><\/div><\/div><\/div>\n<div class=\"flex_column av_three_fifth  flex_column_div av-zero-column-padding   avia-builder-el-11  el_after_av_two_fifth  el_before_av_section  avia-builder-el-last  \" style='border-radius:0px; '><p><section class=\"av_textblock_section \"  =\"\" =\"https:\/\/schema.org\/CreativeWork\" ><div class='avia_textblock  '   =\"text\" ><p>Our community prides itself on its diversity. Members are either <strong>entrepreneurs<\/strong>, <strong>freelancers<\/strong>, <strong>employees<\/strong>, <strong>job seekers<\/strong>, <strong>students<\/strong> &#8230; they are men and women, young and old, and work in all kinds of business sectors.<\/p>\n<p>They come to la Cord\u00e9e to <strong>talk<\/strong> about their projects and <strong>brainstorm<\/strong> new ideas, to <strong>work<\/strong>, <strong>learn<\/strong>, <strong>find customers<\/strong> and <strong>business partners<\/strong>, or even simply <strong>to have a great time<\/strong> with friends over lunch.<\/p>\n<p>They like to mix it up and <strong>check out many of our different co-working spaces<\/strong> : in Lyon, Paris, Annecy, Rennes and Nantes. You are likely to run into them at the train station !<\/p>\n<\/div><\/section><br \/>\n<div  class='avia-button-wrap avia-button-left  avia-builder-el-13  el_after_av_textblock  avia-builder-el-last ' ><a href='https:\/\/staging.la-cordee.net\/en\/contact\/'  class='avia-button   avia-icon_select-no avia-size-large avia-position-left '  style='background-color:#b9bd17; border-color:#b9bd17; color:#ffffff; ' ><span class='avia_iconbox_title' >Join us !<\/span><\/a><\/div><\/p><\/div><\/div><\/div><\/div><!-- close content main div --><\/div><\/div><div id='av_section_3'  class='avia-section main_color avia-section-default avia-no-border-styling  avia-bg-style-scroll  avia-builder-el-14  el_after_av_three_fifth  el_before_av_two_fifth   container_wrap fullsize' style='background-color: #186665;  '  ><div class='container' ><div class='template-page content  av-content-full alpha units'><div class='post-entry post-entry-type-page post-entry-1098'><div class='entry-content-wrapper clearfix'>\n<div  style='padding-bottom:0px; color:#ffffff;font-size:34px;' class='av-special-heading av-special-heading-h2 custom-color-heading blockquote modern-quote modern-centered  avia-builder-el-15  avia-builder-el-no-sibling  av-inherit-size '><h2 class='av-special-heading-tag '  =\"headline\"  >Our partners<\/h2><div class='special-heading-border'><div class='special-heading-inner-border' style='border-color:#ffffff'><\/div><\/div><\/div>\n<\/div><\/div><\/div><!-- close content main div --><\/div><\/div><div id='after_section_3'  class='main_color av_default_container_wrap container_wrap fullsize' style=' '  ><div class='container' ><div class='template-page content  av-content-full alpha units'><div class='post-entry post-entry-type-page post-entry-1098'><div class='entry-content-wrapper clearfix'><\/p>\n<div class=\"flex_column av_two_fifth  flex_column_div av-zero-column-padding first  avia-builder-el-16  el_after_av_section  el_before_av_three_fifth  avia-builder-el-first  \" style='border-radius:0px; '><div  class='avia-image-container  av-styling-    avia-builder-el-17  avia-builder-el-no-sibling  avia-align-center '  =\"image\" =\"\" =\"https:\/\/schema.org\/ImageObject\"  ><div class='avia-image-container-inner'><div class='avia-image-overlay-wrap'><img decoding=\"async\" class='wp-image-58 avia-img-lazy-loading-not-58 avia_image' src=\"https:\/\/staging.la-cordee.net\/wp-content\/uploads\/badge5-1-495x400.jpg\" alt='Un scrabble \u00e0 la Cord\u00e9e ?' title='badge5' height=\"400\" width=\"495\"  =\"thumbnailUrl\" srcset=\"https:\/\/staging.la-cordee.net\/wp-content\/uploads\/badge5-1-495x400.jpg 495w, https:\/\/staging.la-cordee.net\/wp-content\/uploads\/badge5-1-845x684.jpg 845w\" sizes=\"(max-width: 495px) 100vw, 495px\" \/><\/div><\/div><\/div><\/div>\n<div class=\"flex_column av_three_fifth  flex_column_div av-zero-column-padding   avia-builder-el-18  el_after_av_two_fifth  avia-builder-el-last  \" style='border-radius:0px; '><p><section class=\"av_textblock_section \"  =\"\" =\"https:\/\/schema.org\/CreativeWork\" ><div class='avia_textblock  '   =\"text\" ><p>We partner up with many different kinds of players : <strong>local communties<\/strong>, <strong>associations<\/strong> and <strong>businesses<\/strong>, freelance <strong>collectives<\/strong>, entrepreneurs&#8217; <strong>networks<\/strong>, government <strong>agencies<\/strong>,<strong> academics<\/strong>, &#8230;<\/p>\n<p>A big thanks to all of them !<\/p>\n<p>La Cord\u00e9e was founded in 2011 by Julie &amp; Michael with the support of a small group of local entrepreneurs \u2014 later joined by the <strong>Caisse des d\u00e9p\u00f4ts et consignations<\/strong>\u00a0 in 2015.<\/p>\n<\/div><\/section><br \/>\n<div  class='avia-button-wrap avia-button-left  avia-builder-el-20  el_after_av_textblock  avia-builder-el-last ' ><a href='https:\/\/staging.la-cordee.net\/en\/contact\/'  class='avia-button   avia-icon_select-no avia-size-large avia-position-left '  style='background-color:#00878b; border-color:#00878b; color:#ffffff; ' ><span class='avia_iconbox_title' >Do you want to be a partner?<\/span><\/a><\/div><\/p><\/div>\n","protected":false},"excerpt":{"rendered":"","protected":false},"author":1,"featured_media":0,"parent":0,"menu_order":0,"comment_status":"closed","ping_status":"closed","template":"","meta":{"footnotes":""},"better_featured_image":null,"acf":[],"yoast_head":"<!-- This site is optimized with the Yoast SEO plugin v21.0 - https:\/\/yoast.com\/wordpress\/plugins\/seo\/ -->\n<title>Who we are | La Cord\u00e9e<\/title>\n<meta name=\"robots\" content=\"noindex, follow, max-snippet:-1, max-image-preview:large, max-video-preview:-1\" \/>\n<meta property=\"og:locale\" content=\"fr_FR\" \/>\n<meta property=\"og:type\" content=\"article\" \/>\n<meta property=\"og:title\" content=\"Who we are | La Cord\u00e9e\" \/>\n<meta property=\"og:url\" content=\"https:\/\/staging.la-cordee.net\/qui-sommes-nous\/\" \/>\n<meta property=\"og:site_name\" content=\"La Cord\u00e9e\" \/>\n<meta property=\"article:modified_time\" content=\"2020-08-14T16:27:13+00:00\" \/>\n<meta name=\"twitter:card\" content=\"summary_large_image\" \/>\n<meta name=\"twitter:label1\" content=\"Dur\u00e9e de lecture estim\u00e9e\" \/>\n\t<meta name=\"twitter:data1\" content=\"10 minutes\" \/>\n<!-- \/ Yoast SEO plugin. -->","yoast_head_json":{"title":"Who we are | La Cord\u00e9e","robots":{"index":"noindex","follow":"follow","max-snippet":"max-snippet:-1","max-image-preview":"max-image-preview:large","max-video-preview":"max-video-preview:-1"},"og_locale":"fr_FR","og_type":"article","og_title":"Who we are | La Cord\u00e9e","og_url":"https:\/\/staging.la-cordee.net\/qui-sommes-nous\/","og_site_name":"La Cord\u00e9e","article_modified_time":"2020-08-14T16:27:13+00:00","twitter_card":"summary_large_image","twitter_misc":{"Dur\u00e9e de lecture estim\u00e9e":"10 minutes"},"schema":{"@context":"https:\/\/schema.org","@graph":[{"@type":"WebPage","@id":"https:\/\/staging.la-cordee.net\/qui-sommes-nous\/","url":"https:\/\/staging.la-cordee.net\/qui-sommes-nous\/","name":"Who we are | La Cord\u00e9e","isPartOf":{"@id":"https:\/\/staging.la-cordee.net\/#website"},"datePublished":"2018-12-10T15:11:17+00:00","dateModified":"2020-08-14T16:27:13+00:00","breadcrumb":{"@id":"https:\/\/staging.la-cordee.net\/qui-sommes-nous\/#breadcrumb"},"inLanguage":"fr-FR","potentialAction":[{"@type":"ReadAction","target":["https:\/\/staging.la-cordee.net\/qui-sommes-nous\/"]}]},{"@type":"BreadcrumbList","@id":"https:\/\/staging.la-cordee.net\/qui-sommes-nous\/#breadcrumb","itemListElement":[{"@type":"ListItem","position":1,"name":"Accueil","item":"https:\/\/staging.la-cordee.net\/"},{"@type":"ListItem","position":2,"name":"Who we are"}]},{"@type":"WebSite","@id":"https:\/\/staging.la-cordee.net\/#website","url":"https:\/\/staging.la-cordee.net\/","name":"La Cord\u00e9e","description":"Un site utilisant WordPress","publisher":{"@id":"https:\/\/staging.la-cordee.net\/#organization"},"potentialAction":[{"@type":"SearchAction","target":{"@type":"EntryPoint","urlTemplate":"https:\/\/staging.la-cordee.net\/?s={search_term_string}"},"query-input":"required name=search_term_string"}],"inLanguage":"fr-FR"},{"@type":"Organization","@id":"https:\/\/staging.la-cordee.net\/#organization","name":"La Cord\u00e9e","url":"https:\/\/staging.la-cordee.net\/","logo":{"@type":"ImageObject","inLanguage":"fr-FR","@id":"https:\/\/staging.la-cordee.net\/#\/schema\/logo\/image\/","url":"https:\/\/staging.la-cordee.net\/wp-content\/uploads\/CORDEE_LOGO.png","contentUrl":"https:\/\/staging.la-cordee.net\/wp-content\/uploads\/CORDEE_LOGO.png","width":200,"height":146,"caption":"La Cord\u00e9e"},"image":{"@id":"https:\/\/staging.la-cordee.net\/#\/schema\/logo\/image\/"}}]}},"_links":{"self":[{"href":"https:\/\/staging.la-cordee.net\/en\/wp-json\/wp\/v2\/pages\/1098\/"}],"collection":[{"href":"https:\/\/staging.la-cordee.net\/en\/wp-json\/wp\/v2\/pages\/"}],"about":[{"href":"https:\/\/staging.la-cordee.net\/en\/wp-json\/wp\/v2\/types\/page\/"}],"author":[{"embeddable":true,"href":"https:\/\/staging.la-cordee.net\/en\/wp-json\/wp\/v2\/users\/1\/"}],"replies":[{"embeddable":true,"href":"https:\/\/staging.la-cordee.net\/en\/wp-json\/wp\/v2\/comments\/?post=1098"}],"version-history":[{"count":22,"href":"https:\/\/staging.la-cordee.net\/en\/wp-json\/wp\/v2\/pages\/1098\/revisions\/"}],"predecessor-version":[{"id":1910040,"href":"https:\/\/staging.la-cordee.net\/en\/wp-json\/wp\/v2\/pages\/1098\/revisions\/1910040\/"}],"wp:attachment":[{"href":"https:\/\/staging.la-cordee.net\/en\/wp-json\/wp\/v2\/media\/?parent=1098"}],"curies":[{"name":"wp","href":"https:\/\/api.w.org\/{rel}","templated":true}]}}