{"id":1155,"date":"2018-12-27T14:39:10","date_gmt":"2018-12-27T13:39:10","guid":{"rendered":"https:\/\/www.la-cordee.net\/?page_id=1155"},"modified":"2021-04-23T11:56:52","modified_gmt":"2021-04-23T09:56:52","slug":"contact","status":"publish","type":"page","link":"https:\/\/staging.la-cordee.net\/en\/contact\/","title":{"rendered":"Contact"},"content":{"rendered":"<div id='av_section_1'  class='avia-section main_color avia-section-default avia-no-border-styling  avia-bg-style-scroll  avia-builder-el-0  el_before_av_section  avia-builder-el-first   container_wrap fullsize' style='background-color: #166665;  '  ><div class='container' ><main  role=\"main\" =\"mainContentOfPage\"  class='template-page content  av-content-full alpha units'><div class='post-entry post-entry-type-page post-entry-1155'><div class='entry-content-wrapper clearfix'>\n<div  style='padding-bottom:0px; color:#ffffff;font-size:40px;' class='av-special-heading av-special-heading-h1 custom-color-heading blockquote modern-quote modern-centered  avia-builder-el-1  avia-builder-el-no-sibling  av-inherit-size '><h1 class='av-special-heading-tag '  =\"headline\"  >Here\u2019s how you can reach us!<\/h1><div class='special-heading-border'><div class='special-heading-inner-border' style='border-color:#ffffff'><\/div><\/div><\/div>\n\n<\/div><\/div><\/main><!-- close content main element --><\/div><\/div><div id='av_section_2'  class='avia-section main_color avia-section-default avia-no-border-styling  avia-bg-style-scroll  avia-builder-el-2  el_after_av_section  avia-builder-el-last   container_wrap fullsize' style=' '  ><div class='container' ><div class='template-page content  av-content-full alpha units'><div class='post-entry post-entry-type-page post-entry-1155'><div class='entry-content-wrapper clearfix'>\n<div class=\"flex_column av_one_third  flex_column_div av-zero-column-padding first  avia-builder-el-3  el_before_av_two_third  avia-builder-el-first  \" style='border-radius:0px; '><section class=\"av_textblock_section \"  =\"\" =\"https:\/\/schema.org\/CreativeWork\" ><div class='avia_textblock  '   =\"text\" ><p>In order not to disturb too much the team in its mission to spread good vibes across our coworking spaces, we decided we would not answer the phone anymore. So please use this form, that will take you to us in minutes (or hours maybe, depending on the jetlag).<\/p>\n<\/div><\/section><\/div><div class=\"flex_column av_two_third  flex_column_div av-zero-column-padding   avia-builder-el-5  el_after_av_one_third  avia-builder-el-last  \" style='border-radius:0px; '><\/div>\n","protected":false},"excerpt":{"rendered":"","protected":false},"author":1,"featured_media":0,"parent":0,"menu_order":0,"comment_status":"closed","ping_status":"closed","template":"","meta":{"footnotes":""},"better_featured_image":null,"acf":[],"yoast_head":"<!-- This site is optimized with the Yoast SEO plugin v21.0 - https:\/\/yoast.com\/wordpress\/plugins\/seo\/ -->\n<title>Contact us | La Cord\u00e9e<\/title>\n<meta name=\"description\" content=\"Want to join us? Here&#039;s a form to help you. We will answer you as soon as possible!\" \/>\n<meta name=\"robots\" content=\"noindex, follow\" \/>\n<meta property=\"og:locale\" content=\"fr_FR\" \/>\n<meta property=\"og:type\" content=\"article\" \/>\n<meta property=\"og:title\" content=\"Contact us | La Cord\u00e9e\" \/>\n<meta property=\"og:description\" content=\"Want to join us? Here&#039;s a form to help you. We will answer you as soon as possible!\" \/>\n<meta property=\"og:url\" content=\"https:\/\/staging.la-cordee.net\/contact\/\" \/>\n<meta property=\"og:site_name\" content=\"La Cord\u00e9e\" \/>\n<meta property=\"article:modified_time\" content=\"2021-04-23T09:56:52+00:00\" \/>\n<meta name=\"twitter:card\" content=\"summary_large_image\" \/>\n<meta name=\"twitter:label1\" content=\"Dur\u00e9e de lecture estim\u00e9e\" \/>\n\t<meta name=\"twitter:data1\" content=\"3 minutes\" \/>\n<!-- \/ Yoast SEO plugin. -->","yoast_head_json":{"title":"Contact us | La Cord\u00e9e","description":"Want to join us? Here's a form to help you. We will answer you as soon as possible!","robots":{"index":"noindex","follow":"follow"},"og_locale":"fr_FR","og_type":"article","og_title":"Contact us | La Cord\u00e9e","og_description":"Want to join us? Here's a form to help you. We will answer you as soon as possible!","og_url":"https:\/\/staging.la-cordee.net\/contact\/","og_site_name":"La Cord\u00e9e","article_modified_time":"2021-04-23T09:56:52+00:00","twitter_card":"summary_large_image","twitter_misc":{"Dur\u00e9e de lecture estim\u00e9e":"3 minutes"},"schema":{"@context":"https:\/\/schema.org","@graph":[{"@type":"WebPage","@id":"https:\/\/staging.la-cordee.net\/contact\/","url":"https:\/\/staging.la-cordee.net\/contact\/","name":"Contact us | La Cord\u00e9e","isPartOf":{"@id":"https:\/\/staging.la-cordee.net\/#website"},"datePublished":"2018-12-27T13:39:10+00:00","dateModified":"2021-04-23T09:56:52+00:00","description":"Want to join us? Here's a form to help you. We will answer you as soon as possible!","breadcrumb":{"@id":"https:\/\/staging.la-cordee.net\/contact\/#breadcrumb"},"inLanguage":"fr-FR","potentialAction":[{"@type":"ReadAction","target":["https:\/\/staging.la-cordee.net\/contact\/"]}]},{"@type":"BreadcrumbList","@id":"https:\/\/staging.la-cordee.net\/contact\/#breadcrumb","itemListElement":[{"@type":"ListItem","position":1,"name":"Accueil","item":"https:\/\/staging.la-cordee.net\/"},{"@type":"ListItem","position":2,"name":"Contact"}]},{"@type":"WebSite","@id":"https:\/\/staging.la-cordee.net\/#website","url":"https:\/\/staging.la-cordee.net\/","name":"La Cord\u00e9e","description":"Un site utilisant WordPress","publisher":{"@id":"https:\/\/staging.la-cordee.net\/#organization"},"potentialAction":[{"@type":"SearchAction","target":{"@type":"EntryPoint","urlTemplate":"https:\/\/staging.la-cordee.net\/?s={search_term_string}"},"query-input":"required name=search_term_string"}],"inLanguage":"fr-FR"},{"@type":"Organization","@id":"https:\/\/staging.la-cordee.net\/#organization","name":"La Cord\u00e9e","url":"https:\/\/staging.la-cordee.net\/","logo":{"@type":"ImageObject","inLanguage":"fr-FR","@id":"https:\/\/staging.la-cordee.net\/#\/schema\/logo\/image\/","url":"https:\/\/staging.la-cordee.net\/wp-content\/uploads\/CORDEE_LOGO.png","contentUrl":"https:\/\/staging.la-cordee.net\/wp-content\/uploads\/CORDEE_LOGO.png","width":200,"height":146,"caption":"La Cord\u00e9e"},"image":{"@id":"https:\/\/staging.la-cordee.net\/#\/schema\/logo\/image\/"}}]}},"_links":{"self":[{"href":"https:\/\/staging.la-cordee.net\/en\/wp-json\/wp\/v2\/pages\/1155\/"}],"collection":[{"href":"https:\/\/staging.la-cordee.net\/en\/wp-json\/wp\/v2\/pages\/"}],"about":[{"href":"https:\/\/staging.la-cordee.net\/en\/wp-json\/wp\/v2\/types\/page\/"}],"author":[{"embeddable":true,"href":"https:\/\/staging.la-cordee.net\/en\/wp-json\/wp\/v2\/users\/1\/"}],"replies":[{"embeddable":true,"href":"https:\/\/staging.la-cordee.net\/en\/wp-json\/wp\/v2\/comments\/?post=1155"}],"version-history":[{"count":9,"href":"https:\/\/staging.la-cordee.net\/en\/wp-json\/wp\/v2\/pages\/1155\/revisions\/"}],"predecessor-version":[{"id":1914667,"href":"https:\/\/staging.la-cordee.net\/en\/wp-json\/wp\/v2\/pages\/1155\/revisions\/1914667\/"}],"wp:attachment":[{"href":"https:\/\/staging.la-cordee.net\/en\/wp-json\/wp\/v2\/media\/?parent=1155"}],"curies":[{"name":"wp","href":"https:\/\/api.w.org\/{rel}","templated":true}]}}