{"id":1914022,"date":"2021-03-29T17:14:32","date_gmt":"2021-03-29T15:14:32","guid":{"rendered":"https:\/\/www.la-cordee.net\/?page_id=1914022"},"modified":"2021-03-29T17:14:32","modified_gmt":"2021-03-29T15:14:32","slug":"thanks-annecy","status":"publish","type":"page","link":"https:\/\/staging.la-cordee.net\/en\/thanks-annecy\/","title":{"rendered":"Thanks Annecy"},"content":{"rendered":"<div id='av_section_1'  class='avia-section main_color avia-section-default avia-no-border-styling  avia-bg-style-scroll  avia-builder-el-0  el_before_av_one_third  avia-builder-el-first   container_wrap fullsize' style='background-color: #166665;  '  ><div class='container' ><main  role=\"main\" =\"mainContentOfPage\"  class='template-page content  av-content-full alpha units'><div class='post-entry post-entry-type-page post-entry-1914022'><div class='entry-content-wrapper clearfix'>\n<div  style='padding-bottom:0px; color:#ffffff;font-size:40px;' class='av-special-heading av-special-heading-h1 custom-color-heading blockquote modern-quote modern-centered  avia-builder-el-1  avia-builder-el-no-sibling  av-inherit-size '><h1 class='av-special-heading-tag '  =\"headline\"  >THANKS!<\/h1><div class ='av-subheading av-subheading_below av_custom_color ' style='font-size:15px;'><p>Done! <strong>Your message has been sent<\/strong>. We will get back to you as soon as possible.<\/p>\n<\/div><div class='special-heading-border'><div class='special-heading-inner-border' style='border-color:#ffffff'><\/div><\/div><\/div>\n<\/div><\/div><\/main><!-- close content main element --><\/div><\/div><div id='after_section_1'  class='main_color av_default_container_wrap container_wrap fullsize' style=' '  ><div class='container' ><div class='template-page content  av-content-full alpha units'><div class='post-entry post-entry-type-page post-entry-1914022'><div class='entry-content-wrapper clearfix'>\n<div class=\"flex_column av_one_third  flex_column_div av-zero-column-padding first  avia-builder-el-2  el_after_av_section  el_before_av_one_third  avia-builder-el-first  \" style='border-radius:0px; '><div  class='avia-image-container  av-styling-    avia-builder-el-3  avia-builder-el-no-sibling  avia-align-center '  =\"image\" =\"\" =\"https:\/\/schema.org\/ImageObject\"  ><div class='avia-image-container-inner'><div class='avia-image-overlay-wrap'><img decoding=\"async\" class='wp-image-1913824 avia-img-lazy-loading-not-1913824 avia_image' src=\"https:\/\/staging.la-cordee.net\/wp-content\/uploads\/Extrait-10-photos-Corde\u0301e-3bis-899x1000.jpg\" alt='' title='Extrait-10-photos-Corde\u0301e---3bis' height=\"1000\" width=\"899\"  =\"thumbnailUrl\" srcset=\"https:\/\/staging.la-cordee.net\/wp-content\/uploads\/Extrait-10-photos-Corde\u0301e-3bis-899x1000.jpg 899w, https:\/\/staging.la-cordee.net\/wp-content\/uploads\/Extrait-10-photos-Corde\u0301e-3bis-926x1030.jpg 926w, https:\/\/staging.la-cordee.net\/wp-content\/uploads\/Extrait-10-photos-Corde\u0301e-3bis-768x854.jpg 768w, https:\/\/staging.la-cordee.net\/wp-content\/uploads\/Extrait-10-photos-Corde\u0301e-3bis-634x705.jpg 634w, https:\/\/staging.la-cordee.net\/wp-content\/uploads\/Extrait-10-photos-Corde\u0301e-3bis-450x501.jpg 450w, https:\/\/staging.la-cordee.net\/wp-content\/uploads\/Extrait-10-photos-Corde\u0301e-3bis.jpg 1139w\" sizes=\"(max-width: 899px) 100vw, 899px\" \/><\/div><\/div><\/div><\/div>\n<div class=\"flex_column av_one_third  flex_column_div av-zero-column-padding   avia-builder-el-4  el_after_av_one_third  el_before_av_one_third  \" style='border-radius:0px; '><p><div  style='height:20px' class='hr hr-invisible   avia-builder-el-5  el_before_av_textblock  avia-builder-el-first '><span class='hr-inner ' ><span class='hr-inner-style'><\/span><\/span><\/div><br \/>\n<section class=\"av_textblock_section \"  =\"\" =\"https:\/\/schema.org\/CreativeWork\" ><div class='avia_textblock  '   =\"text\" ><p style=\"text-align: center;\">While you&#8217;re waiting, you can read our magazine<\/p>\n<\/div><\/section><br \/>\n<div  class='avia-button-wrap avia-button-center  avia-builder-el-7  el_after_av_textblock  el_before_av_hr ' ><a href='https:\/\/magazine.la-cordee.net\/'  class='avia-button  avia-color-theme-color   avia-icon_select-no avia-size-large avia-position-center '   ><span class='avia_iconbox_title' >Here<\/span><\/a><\/div><br \/>\n<div  style='height:20px' class='hr hr-invisible   avia-builder-el-8  el_after_av_button  el_before_av_textblock '><span class='hr-inner ' ><span class='hr-inner-style'><\/span><\/span><\/div><br \/>\n<section class=\"av_textblock_section \"  =\"\" =\"https:\/\/schema.org\/CreativeWork\" ><div class='avia_textblock  '   =\"text\" ><p style=\"text-align: center;\">or take a look at our pretty faces<\/p>\n<\/div><\/section><br \/>\n<div  class='avia-button-wrap avia-button-center  avia-builder-el-10  el_after_av_textblock  avia-builder-el-last ' ><a href='https:\/\/staging.la-cordee.net\/equipe\/'  class='avia-button  avia-color-theme-color   avia-icon_select-no avia-size-large avia-position-center '   ><span class='avia_iconbox_title' >There<\/span><\/a><\/div><\/p><\/div><div class=\"flex_column av_one_third  flex_column_div av-zero-column-padding   avia-builder-el-11  el_after_av_one_third  el_before_av_codeblock  \" style='border-radius:0px; '><div  class='avia-image-container  av-styling-    avia-builder-el-12  avia-builder-el-no-sibling  avia-align-center '  =\"image\" =\"\" =\"https:\/\/schema.org\/ImageObject\"  ><div class='avia-image-container-inner'><div class='avia-image-overlay-wrap'><img decoding=\"async\" class='wp-image-1913830 avia-img-lazy-loading-not-1913830 avia_image' src=\"https:\/\/staging.la-cordee.net\/wp-content\/uploads\/Extrait-10-photos-Corde\u0301e-3cinq-899x1000.jpg\" alt='' title='Extrait-10-photos-Corde\u0301e---3cinq' height=\"1000\" width=\"899\"  =\"thumbnailUrl\" srcset=\"https:\/\/staging.la-cordee.net\/wp-content\/uploads\/Extrait-10-photos-Corde\u0301e-3cinq-899x1000.jpg 899w, https:\/\/staging.la-cordee.net\/wp-content\/uploads\/Extrait-10-photos-Corde\u0301e-3cinq-926x1030.jpg 926w, https:\/\/staging.la-cordee.net\/wp-content\/uploads\/Extrait-10-photos-Corde\u0301e-3cinq-768x854.jpg 768w, https:\/\/staging.la-cordee.net\/wp-content\/uploads\/Extrait-10-photos-Corde\u0301e-3cinq-634x705.jpg 634w, https:\/\/staging.la-cordee.net\/wp-content\/uploads\/Extrait-10-photos-Corde\u0301e-3cinq-450x501.jpg 450w, https:\/\/staging.la-cordee.net\/wp-content\/uploads\/Extrait-10-photos-Corde\u0301e-3cinq.jpg 1139w\" sizes=\"(max-width: 899px) 100vw, 899px\" \/><\/div><\/div><\/div><\/div><\/p>\n\n\n","protected":false},"excerpt":{"rendered":"","protected":false},"author":14,"featured_media":0,"parent":0,"menu_order":0,"comment_status":"closed","ping_status":"closed","template":"","meta":{"footnotes":""},"better_featured_image":null,"acf":[],"yoast_head":"<!-- This site is optimized with the Yoast SEO plugin v21.0 - https:\/\/yoast.com\/wordpress\/plugins\/seo\/ -->\n<title>Thanks! | La Cord\u00e9e<\/title>\n<meta name=\"description\" content=\"Thanks for contacting us!\" \/>\n<meta name=\"robots\" content=\"noindex, follow\" \/>\n<meta property=\"og:locale\" content=\"fr_FR\" \/>\n<meta property=\"og:type\" content=\"article\" \/>\n<meta property=\"og:title\" content=\"Thanks! | La Cord\u00e9e\" \/>\n<meta property=\"og:description\" content=\"Thanks for contacting us!\" \/>\n<meta property=\"og:url\" content=\"https:\/\/staging.la-cordee.net\/merci-annecy\/\" \/>\n<meta property=\"og:site_name\" content=\"La Cord\u00e9e\" \/>\n<meta name=\"twitter:card\" content=\"summary_large_image\" \/>\n<meta name=\"twitter:label1\" content=\"Dur\u00e9e de lecture estim\u00e9e\" \/>\n\t<meta name=\"twitter:data1\" content=\"2 minutes\" \/>\n<!-- \/ Yoast SEO plugin. -->","yoast_head_json":{"title":"Thanks! | La Cord\u00e9e","description":"Thanks for contacting us!","robots":{"index":"noindex","follow":"follow"},"og_locale":"fr_FR","og_type":"article","og_title":"Thanks! | La Cord\u00e9e","og_description":"Thanks for contacting us!","og_url":"https:\/\/staging.la-cordee.net\/merci-annecy\/","og_site_name":"La Cord\u00e9e","twitter_card":"summary_large_image","twitter_misc":{"Dur\u00e9e de lecture estim\u00e9e":"2 minutes"},"schema":{"@context":"https:\/\/schema.org","@graph":[{"@type":"WebPage","@id":"https:\/\/staging.la-cordee.net\/merci-annecy\/","url":"https:\/\/staging.la-cordee.net\/merci-annecy\/","name":"Thanks! | La Cord\u00e9e","isPartOf":{"@id":"https:\/\/staging.la-cordee.net\/#website"},"datePublished":"2021-03-29T15:14:32+00:00","dateModified":"2021-03-29T15:14:32+00:00","description":"Thanks for contacting us!","breadcrumb":{"@id":"https:\/\/staging.la-cordee.net\/merci-annecy\/#breadcrumb"},"inLanguage":"fr-FR","potentialAction":[{"@type":"ReadAction","target":["https:\/\/staging.la-cordee.net\/merci-annecy\/"]}]},{"@type":"BreadcrumbList","@id":"https:\/\/staging.la-cordee.net\/merci-annecy\/#breadcrumb","itemListElement":[{"@type":"ListItem","position":1,"name":"Accueil","item":"https:\/\/staging.la-cordee.net\/"},{"@type":"ListItem","position":2,"name":"Thanks Annecy"}]},{"@type":"WebSite","@id":"https:\/\/staging.la-cordee.net\/#website","url":"https:\/\/staging.la-cordee.net\/","name":"La Cord\u00e9e","description":"Un site utilisant WordPress","publisher":{"@id":"https:\/\/staging.la-cordee.net\/#organization"},"potentialAction":[{"@type":"SearchAction","target":{"@type":"EntryPoint","urlTemplate":"https:\/\/staging.la-cordee.net\/?s={search_term_string}"},"query-input":"required name=search_term_string"}],"inLanguage":"fr-FR"},{"@type":"Organization","@id":"https:\/\/staging.la-cordee.net\/#organization","name":"La Cord\u00e9e","url":"https:\/\/staging.la-cordee.net\/","logo":{"@type":"ImageObject","inLanguage":"fr-FR","@id":"https:\/\/staging.la-cordee.net\/#\/schema\/logo\/image\/","url":"https:\/\/staging.la-cordee.net\/wp-content\/uploads\/CORDEE_LOGO.png","contentUrl":"https:\/\/staging.la-cordee.net\/wp-content\/uploads\/CORDEE_LOGO.png","width":200,"height":146,"caption":"La Cord\u00e9e"},"image":{"@id":"https:\/\/staging.la-cordee.net\/#\/schema\/logo\/image\/"}}]}},"_links":{"self":[{"href":"https:\/\/staging.la-cordee.net\/en\/wp-json\/wp\/v2\/pages\/1914022\/"}],"collection":[{"href":"https:\/\/staging.la-cordee.net\/en\/wp-json\/wp\/v2\/pages\/"}],"about":[{"href":"https:\/\/staging.la-cordee.net\/en\/wp-json\/wp\/v2\/types\/page\/"}],"author":[{"embeddable":true,"href":"https:\/\/staging.la-cordee.net\/en\/wp-json\/wp\/v2\/users\/14\/"}],"replies":[{"embeddable":true,"href":"https:\/\/staging.la-cordee.net\/en\/wp-json\/wp\/v2\/comments\/?post=1914022"}],"version-history":[{"count":4,"href":"https:\/\/staging.la-cordee.net\/en\/wp-json\/wp\/v2\/pages\/1914022\/revisions\/"}],"predecessor-version":[{"id":1914136,"href":"https:\/\/staging.la-cordee.net\/en\/wp-json\/wp\/v2\/pages\/1914022\/revisions\/1914136\/"}],"wp:attachment":[{"href":"https:\/\/staging.la-cordee.net\/en\/wp-json\/wp\/v2\/media\/?parent=1914022"}],"curies":[{"name":"wp","href":"https:\/\/api.w.org\/{rel}","templated":true}]}}